{"id":10052,"date":"2023-07-10T12:48:38","date_gmt":"2023-07-10T10:48:38","guid":{"rendered":"https:\/\/forschungsdaten.at\/sharedrdm\/partner_en\/"},"modified":"2025-04-08T10:58:09","modified_gmt":"2025-04-08T08:58:09","slug":"partner_en","status":"publish","type":"page","link":"https:\/\/old.forschungsdaten.at\/en\/sharedrdm\/partner_en\/","title":{"rendered":"Partner"},"content":{"rendered":"\t\t<div data-elementor-type=\"wp-page\" data-elementor-id=\"10052\" class=\"elementor elementor-10052 elementor-9884\" data-elementor-post-type=\"page\">\n\t\t\t\t\t\t<section class=\"elementor-section elementor-top-section elementor-element elementor-element-f3319aa elementor-section-boxed elementor-section-height-default elementor-section-height-default\" data-id=\"f3319aa\" data-element_type=\"section\">\n\t\t\t\t\t\t<div class=\"elementor-container elementor-column-gap-default\">\n\t\t\t\t\t<div class=\"elementor-column elementor-col-50 elementor-top-column elementor-element elementor-element-cb2bb8f\" data-id=\"cb2bb8f\" data-element_type=\"column\">\n\t\t\t<div class=\"elementor-widget-wrap elementor-element-populated\">\n\t\t\t\t\t\t<div class=\"elementor-element elementor-element-70ab8c6 elementor-widget elementor-widget-text-editor\" data-id=\"70ab8c6\" data-element_type=\"widget\" data-widget_type=\"text-editor.default\">\n\t\t\t\t<div class=\"elementor-widget-container\">\n\t\t\t\t\t\t\t\t\t<ul>\n<li>Technische Universit\u00e4t Graz (Lead)<\/li>\n<li>Technische Universit\u00e4t Wien<\/li>\n<li>Universit\u00e4t Wien<\/li>\n<li>Universit\u00e4t Innsbruck<\/li>\n<li>Karl-Franzens-Universit\u00e4t Graz<\/li>\n<li>Medizinische Universit\u00e4t Graz<\/li>\n<li>Medizinische Universit\u00e4t Innsbruck<\/li>\n<li>Akademie der Bildenden K\u00fcnste Wien<\/li>\n<li>Universit\u00e4t f\u00fcr Bodenkultur Wien<\/li>\n<li>Johannes Kepler Universit\u00e4t Linz<\/li>\n<li>Wirtschaftsuniversit\u00e4t Wien<\/li>\n<li>Veterin\u00e4rmedizinische Universit\u00e4t Wien<\/li>\n<li>und 4 assoziierte Partner<\/li>\n<\/ul>\n\t\t\t\t\t\t\t\t<\/div>\n\t\t\t\t<\/div>\n\t\t\t\t\t<\/div>\n\t\t<\/div>\n\t\t\t\t<div class=\"elementor-column elementor-col-50 elementor-top-column elementor-element elementor-element-e7c7d3a\" data-id=\"e7c7d3a\" data-element_type=\"column\">\n\t\t\t<div class=\"elementor-widget-wrap elementor-element-populated\">\n\t\t\t\t\t\t<div class=\"elementor-element elementor-element-b7ca297 elementor-widget elementor-widget-image\" data-id=\"b7ca297\" data-element_type=\"widget\" data-widget_type=\"image.default\">\n\t\t\t\t<div class=\"elementor-widget-container\">\n\t\t\t\t\t\t\t\t\t\t\t\t\t\t\t<img fetchpriority=\"high\" decoding=\"async\" width=\"474\" height=\"323\" src=\"https:\/\/old.forschungsdaten.at\/wp-content\/uploads\/2025\/04\/partners_new.png\" class=\"attachment-large size-large wp-image-12848\" alt=\"\" srcset=\"https:\/\/old.forschungsdaten.at\/wp-content\/uploads\/2025\/04\/partners_new.png 474w, https:\/\/old.forschungsdaten.at\/wp-content\/uploads\/2025\/04\/partners_new-300x204.png 300w\" sizes=\"(max-width: 474px) 100vw, 474px\" \/>\t\t\t\t\t\t\t\t\t\t\t\t\t\t\t<\/div>\n\t\t\t\t<\/div>\n\t\t\t\t\t<\/div>\n\t\t<\/div>\n\t\t\t\t\t<\/div>\n\t\t<\/section>\n\t\t\t\t<\/div>\n\t\t","protected":false},"excerpt":{"rendered":"<p>Technische Universit\u00e4t Graz (Lead) Technische Universit\u00e4t Wien Universit\u00e4t Wien Universit\u00e4t Innsbruck Karl-Franzens-Universit\u00e4t Graz Medizinische Universit\u00e4t Graz Medizinische Universit\u00e4t Innsbruck Akademie der Bildenden K\u00fcnste Wien Universit\u00e4t f\u00fcr Bodenkultur Wien Johannes Kepler Universit\u00e4t Linz Wirtschaftsuniversit\u00e4t Wien Veterin\u00e4rmedizinische Universit\u00e4t Wien und 4 assoziierte Partner<\/p>\n","protected":false},"author":1,"featured_media":0,"parent":10042,"menu_order":8,"comment_status":"closed","ping_status":"closed","template":"","meta":{"ocean_post_layout":"","ocean_both_sidebars_style":"","ocean_both_sidebars_content_width":0,"ocean_both_sidebars_sidebars_width":0,"ocean_sidebar":"0","ocean_second_sidebar":"0","ocean_disable_margins":"enable","ocean_add_body_class":"","ocean_shortcode_before_top_bar":"","ocean_shortcode_after_top_bar":"","ocean_shortcode_before_header":"","ocean_shortcode_after_header":"","ocean_has_shortcode":"","ocean_shortcode_after_title":"","ocean_shortcode_before_footer_widgets":"","ocean_shortcode_after_footer_widgets":"","ocean_shortcode_before_footer_bottom":"","ocean_shortcode_after_footer_bottom":"","ocean_display_top_bar":"default","ocean_display_header":"default","ocean_header_style":"","ocean_center_header_left_menu":"0","ocean_custom_header_template":"0","ocean_custom_logo":0,"ocean_custom_retina_logo":0,"ocean_custom_logo_max_width":0,"ocean_custom_logo_tablet_max_width":0,"ocean_custom_logo_mobile_max_width":0,"ocean_custom_logo_max_height":0,"ocean_custom_logo_tablet_max_height":0,"ocean_custom_logo_mobile_max_height":0,"ocean_header_custom_menu":"0","ocean_menu_typo_font_family":"0","ocean_menu_typo_font_subset":"","ocean_menu_typo_font_size":0,"ocean_menu_typo_font_size_tablet":0,"ocean_menu_typo_font_size_mobile":0,"ocean_menu_typo_font_size_unit":"px","ocean_menu_typo_font_weight":"","ocean_menu_typo_font_weight_tablet":"","ocean_menu_typo_font_weight_mobile":"","ocean_menu_typo_transform":"","ocean_menu_typo_transform_tablet":"","ocean_menu_typo_transform_mobile":"","ocean_menu_typo_line_height":0,"ocean_menu_typo_line_height_tablet":0,"ocean_menu_typo_line_height_mobile":0,"ocean_menu_typo_line_height_unit":"","ocean_menu_typo_spacing":0,"ocean_menu_typo_spacing_tablet":0,"ocean_menu_typo_spacing_mobile":0,"ocean_menu_typo_spacing_unit":"","ocean_menu_link_color":"","ocean_menu_link_color_hover":"","ocean_menu_link_color_active":"","ocean_menu_link_background":"","ocean_menu_link_hover_background":"","ocean_menu_link_active_background":"","ocean_menu_social_links_bg":"","ocean_menu_social_hover_links_bg":"","ocean_menu_social_links_color":"","ocean_menu_social_hover_links_color":"","ocean_disable_title":"default","ocean_disable_heading":"default","ocean_post_title":"","ocean_post_subheading":"","ocean_post_title_style":"","ocean_post_title_background_color":"","ocean_post_title_background":0,"ocean_post_title_bg_image_position":"","ocean_post_title_bg_image_attachment":"","ocean_post_title_bg_image_repeat":"","ocean_post_title_bg_image_size":"","ocean_post_title_height":0,"ocean_post_title_bg_overlay":0.5,"ocean_post_title_bg_overlay_color":"","ocean_disable_breadcrumbs":"default","ocean_breadcrumbs_color":"","ocean_breadcrumbs_separator_color":"","ocean_breadcrumbs_links_color":"","ocean_breadcrumbs_links_hover_color":"","ocean_display_footer_widgets":"default","ocean_display_footer_bottom":"default","ocean_custom_footer_template":"0","footnotes":""},"class_list":["post-10052","page","type-page","status-publish","hentry","entry"],"yoast_head":"<!-- This site is optimized with the Yoast SEO plugin v24.4 - https:\/\/yoast.com\/wordpress\/plugins\/seo\/ -->\n<title>Partner - Cluster Forschungsdaten<\/title>\n<meta name=\"robots\" content=\"index, follow, max-snippet:-1, max-image-preview:large, max-video-preview:-1\" \/>\n<link rel=\"canonical\" href=\"https:\/\/old.forschungsdaten.at\/en\/sharedrdm\/partner_en\/\" \/>\n<meta property=\"og:locale\" content=\"en_US\" \/>\n<meta property=\"og:type\" content=\"article\" \/>\n<meta property=\"og:title\" content=\"Partner - Cluster Forschungsdaten\" \/>\n<meta property=\"og:description\" content=\"Technische Universit\u00e4t Graz (Lead) Technische Universit\u00e4t Wien Universit\u00e4t Wien Universit\u00e4t Innsbruck Karl-Franzens-Universit\u00e4t Graz Medizinische Universit\u00e4t Graz Medizinische Universit\u00e4t Innsbruck Akademie der Bildenden K\u00fcnste Wien Universit\u00e4t f\u00fcr Bodenkultur Wien Johannes Kepler Universit\u00e4t Linz Wirtschaftsuniversit\u00e4t Wien Veterin\u00e4rmedizinische Universit\u00e4t Wien und 4 assoziierte Partner\" \/>\n<meta property=\"og:url\" content=\"https:\/\/old.forschungsdaten.at\/en\/sharedrdm\/partner_en\/\" \/>\n<meta property=\"og:site_name\" content=\"Cluster Forschungsdaten\" \/>\n<meta property=\"article:modified_time\" content=\"2025-04-08T08:58:09+00:00\" \/>\n<meta property=\"og:image\" content=\"https:\/\/old.forschungsdaten.at\/wp-content\/uploads\/2025\/04\/partners_new.png\" \/>\n<meta name=\"twitter:card\" content=\"summary_large_image\" \/>\n<script type=\"application\/ld+json\" class=\"yoast-schema-graph\">{\"@context\":\"https:\/\/schema.org\",\"@graph\":[{\"@type\":\"WebPage\",\"@id\":\"https:\/\/old.forschungsdaten.at\/en\/sharedrdm\/partner_en\/\",\"url\":\"https:\/\/old.forschungsdaten.at\/en\/sharedrdm\/partner_en\/\",\"name\":\"Partner - Cluster Forschungsdaten\",\"isPartOf\":{\"@id\":\"https:\/\/old.forschungsdaten.at\/en\/#website\"},\"primaryImageOfPage\":{\"@id\":\"https:\/\/old.forschungsdaten.at\/en\/sharedrdm\/partner_en\/#primaryimage\"},\"image\":{\"@id\":\"https:\/\/old.forschungsdaten.at\/en\/sharedrdm\/partner_en\/#primaryimage\"},\"thumbnailUrl\":\"https:\/\/old.forschungsdaten.at\/wp-content\/uploads\/2025\/04\/partners_new.png\",\"datePublished\":\"2023-07-10T10:48:38+00:00\",\"dateModified\":\"2025-04-08T08:58:09+00:00\",\"breadcrumb\":{\"@id\":\"https:\/\/old.forschungsdaten.at\/en\/sharedrdm\/partner_en\/#breadcrumb\"},\"inLanguage\":\"en-US\",\"potentialAction\":[{\"@type\":\"ReadAction\",\"target\":[\"https:\/\/old.forschungsdaten.at\/en\/sharedrdm\/partner_en\/\"]}]},{\"@type\":\"ImageObject\",\"inLanguage\":\"en-US\",\"@id\":\"https:\/\/old.forschungsdaten.at\/en\/sharedrdm\/partner_en\/#primaryimage\",\"url\":\"https:\/\/old.forschungsdaten.at\/wp-content\/uploads\/2025\/04\/partners_new.png\",\"contentUrl\":\"https:\/\/old.forschungsdaten.at\/wp-content\/uploads\/2025\/04\/partners_new.png\"},{\"@type\":\"BreadcrumbList\",\"@id\":\"https:\/\/old.forschungsdaten.at\/en\/sharedrdm\/partner_en\/#breadcrumb\",\"itemListElement\":[{\"@type\":\"ListItem\",\"position\":1,\"name\":\"Home\",\"item\":\"https:\/\/old.forschungsdaten.at\/en\/\"},{\"@type\":\"ListItem\",\"position\":2,\"name\":\"SharedRDM\",\"item\":\"https:\/\/old.forschungsdaten.at\/en\/sharedrdm\/\"},{\"@type\":\"ListItem\",\"position\":3,\"name\":\"Partner\"}]},{\"@type\":\"WebSite\",\"@id\":\"https:\/\/old.forschungsdaten.at\/en\/#website\",\"url\":\"https:\/\/old.forschungsdaten.at\/en\/\",\"name\":\"Cluster Forschungsdaten\",\"description\":\"Informationen zu den Digitalisierungsprojekten des Clusters Forschungsdaten\",\"publisher\":{\"@id\":\"https:\/\/old.forschungsdaten.at\/en\/#organization\"},\"potentialAction\":[{\"@type\":\"SearchAction\",\"target\":{\"@type\":\"EntryPoint\",\"urlTemplate\":\"https:\/\/old.forschungsdaten.at\/en\/?s={search_term_string}\"},\"query-input\":{\"@type\":\"PropertyValueSpecification\",\"valueRequired\":true,\"valueName\":\"search_term_string\"}}],\"inLanguage\":\"en-US\"},{\"@type\":\"Organization\",\"@id\":\"https:\/\/old.forschungsdaten.at\/en\/#organization\",\"name\":\"Cluster Forschungsdaten\",\"url\":\"https:\/\/old.forschungsdaten.at\/en\/\",\"logo\":{\"@type\":\"ImageObject\",\"inLanguage\":\"en-US\",\"@id\":\"https:\/\/old.forschungsdaten.at\/en\/#\/schema\/logo\/image\/\",\"url\":\"https:\/\/forschungsdaten.at\/wp-content\/uploads\/2020\/10\/Logo-Cluster-koenigsblau-RGB.png\",\"contentUrl\":\"https:\/\/forschungsdaten.at\/wp-content\/uploads\/2020\/10\/Logo-Cluster-koenigsblau-RGB.png\",\"width\":407,\"height\":70,\"caption\":\"Cluster Forschungsdaten\"},\"image\":{\"@id\":\"https:\/\/old.forschungsdaten.at\/en\/#\/schema\/logo\/image\/\"}}]}<\/script>\n<!-- \/ Yoast SEO plugin. -->","yoast_head_json":{"title":"Partner - Cluster Forschungsdaten","robots":{"index":"index","follow":"follow","max-snippet":"max-snippet:-1","max-image-preview":"max-image-preview:large","max-video-preview":"max-video-preview:-1"},"canonical":"https:\/\/old.forschungsdaten.at\/en\/sharedrdm\/partner_en\/","og_locale":"en_US","og_type":"article","og_title":"Partner - Cluster Forschungsdaten","og_description":"Technische Universit\u00e4t Graz (Lead) Technische Universit\u00e4t Wien Universit\u00e4t Wien Universit\u00e4t Innsbruck Karl-Franzens-Universit\u00e4t Graz Medizinische Universit\u00e4t Graz Medizinische Universit\u00e4t Innsbruck Akademie der Bildenden K\u00fcnste Wien Universit\u00e4t f\u00fcr Bodenkultur Wien Johannes Kepler Universit\u00e4t Linz Wirtschaftsuniversit\u00e4t Wien Veterin\u00e4rmedizinische Universit\u00e4t Wien und 4 assoziierte Partner","og_url":"https:\/\/old.forschungsdaten.at\/en\/sharedrdm\/partner_en\/","og_site_name":"Cluster Forschungsdaten","article_modified_time":"2025-04-08T08:58:09+00:00","og_image":[{"url":"https:\/\/old.forschungsdaten.at\/wp-content\/uploads\/2025\/04\/partners_new.png","type":"","width":"","height":""}],"twitter_card":"summary_large_image","schema":{"@context":"https:\/\/schema.org","@graph":[{"@type":"WebPage","@id":"https:\/\/old.forschungsdaten.at\/en\/sharedrdm\/partner_en\/","url":"https:\/\/old.forschungsdaten.at\/en\/sharedrdm\/partner_en\/","name":"Partner - Cluster Forschungsdaten","isPartOf":{"@id":"https:\/\/old.forschungsdaten.at\/en\/#website"},"primaryImageOfPage":{"@id":"https:\/\/old.forschungsdaten.at\/en\/sharedrdm\/partner_en\/#primaryimage"},"image":{"@id":"https:\/\/old.forschungsdaten.at\/en\/sharedrdm\/partner_en\/#primaryimage"},"thumbnailUrl":"https:\/\/old.forschungsdaten.at\/wp-content\/uploads\/2025\/04\/partners_new.png","datePublished":"2023-07-10T10:48:38+00:00","dateModified":"2025-04-08T08:58:09+00:00","breadcrumb":{"@id":"https:\/\/old.forschungsdaten.at\/en\/sharedrdm\/partner_en\/#breadcrumb"},"inLanguage":"en-US","potentialAction":[{"@type":"ReadAction","target":["https:\/\/old.forschungsdaten.at\/en\/sharedrdm\/partner_en\/"]}]},{"@type":"ImageObject","inLanguage":"en-US","@id":"https:\/\/old.forschungsdaten.at\/en\/sharedrdm\/partner_en\/#primaryimage","url":"https:\/\/old.forschungsdaten.at\/wp-content\/uploads\/2025\/04\/partners_new.png","contentUrl":"https:\/\/old.forschungsdaten.at\/wp-content\/uploads\/2025\/04\/partners_new.png"},{"@type":"BreadcrumbList","@id":"https:\/\/old.forschungsdaten.at\/en\/sharedrdm\/partner_en\/#breadcrumb","itemListElement":[{"@type":"ListItem","position":1,"name":"Home","item":"https:\/\/old.forschungsdaten.at\/en\/"},{"@type":"ListItem","position":2,"name":"SharedRDM","item":"https:\/\/old.forschungsdaten.at\/en\/sharedrdm\/"},{"@type":"ListItem","position":3,"name":"Partner"}]},{"@type":"WebSite","@id":"https:\/\/old.forschungsdaten.at\/en\/#website","url":"https:\/\/old.forschungsdaten.at\/en\/","name":"Cluster Forschungsdaten","description":"Informationen zu den Digitalisierungsprojekten des Clusters Forschungsdaten","publisher":{"@id":"https:\/\/old.forschungsdaten.at\/en\/#organization"},"potentialAction":[{"@type":"SearchAction","target":{"@type":"EntryPoint","urlTemplate":"https:\/\/old.forschungsdaten.at\/en\/?s={search_term_string}"},"query-input":{"@type":"PropertyValueSpecification","valueRequired":true,"valueName":"search_term_string"}}],"inLanguage":"en-US"},{"@type":"Organization","@id":"https:\/\/old.forschungsdaten.at\/en\/#organization","name":"Cluster Forschungsdaten","url":"https:\/\/old.forschungsdaten.at\/en\/","logo":{"@type":"ImageObject","inLanguage":"en-US","@id":"https:\/\/old.forschungsdaten.at\/en\/#\/schema\/logo\/image\/","url":"https:\/\/forschungsdaten.at\/wp-content\/uploads\/2020\/10\/Logo-Cluster-koenigsblau-RGB.png","contentUrl":"https:\/\/forschungsdaten.at\/wp-content\/uploads\/2020\/10\/Logo-Cluster-koenigsblau-RGB.png","width":407,"height":70,"caption":"Cluster Forschungsdaten"},"image":{"@id":"https:\/\/old.forschungsdaten.at\/en\/#\/schema\/logo\/image\/"}}]}},"_links":{"self":[{"href":"https:\/\/old.forschungsdaten.at\/en\/wp-json\/wp\/v2\/pages\/10052","targetHints":{"allow":["GET"]}}],"collection":[{"href":"https:\/\/old.forschungsdaten.at\/en\/wp-json\/wp\/v2\/pages"}],"about":[{"href":"https:\/\/old.forschungsdaten.at\/en\/wp-json\/wp\/v2\/types\/page"}],"author":[{"embeddable":true,"href":"https:\/\/old.forschungsdaten.at\/en\/wp-json\/wp\/v2\/users\/1"}],"replies":[{"embeddable":true,"href":"https:\/\/old.forschungsdaten.at\/en\/wp-json\/wp\/v2\/comments?post=10052"}],"version-history":[{"count":2,"href":"https:\/\/old.forschungsdaten.at\/en\/wp-json\/wp\/v2\/pages\/10052\/revisions"}],"predecessor-version":[{"id":12853,"href":"https:\/\/old.forschungsdaten.at\/en\/wp-json\/wp\/v2\/pages\/10052\/revisions\/12853"}],"up":[{"embeddable":true,"href":"https:\/\/old.forschungsdaten.at\/en\/wp-json\/wp\/v2\/pages\/10042"}],"wp:attachment":[{"href":"https:\/\/old.forschungsdaten.at\/en\/wp-json\/wp\/v2\/media?parent=10052"}],"curies":[{"name":"wp","href":"https:\/\/api.w.org\/{rel}","templated":true}]}}